{"id":364,"date":"2024-12-24T04:27:30","date_gmt":"2024-12-24T04:27:30","guid":{"rendered":"https:\/\/fauvet.net\/?page_id=364"},"modified":"2025-02-27T03:30:10","modified_gmt":"2025-02-27T03:30:10","slug":"about","status":"publish","type":"page","link":"https:\/\/fauvet.net\/pt\/about\/","title":{"rendered":"Sobre n\u00f3s"},"content":{"rendered":"<p>Fauvet.net \u00e9 uma plataforma dedicada para pesquisa de servidores proxy, fornecendo insights transparentes e baseados em dados sobre o setor. Analisamos m\u00e9tricas de desempenho, confiabilidade e ofertas de provedores para ajudar os usu\u00e1rios a fazer escolhas informadas. Nosso objetivo \u00e9 fornecer avalia\u00e7\u00f5es objetivas, dados estruturados e compara\u00e7\u00f5es independentes, garantindo que empresas e indiv\u00edduos possam navegar no mercado de proxy com confian\u00e7a.&nbsp;<\/p>","protected":false},"excerpt":{"rendered":"<p>Fauvet.net \u00e9 uma plataforma dedicada para pesquisa de servidores proxy, fornecendo insights transparentes e baseados em dados sobre o setor. Analisamos m\u00e9tricas de desempenho, confiabilidade e ofertas de provedores para ajudar os usu\u00e1rios a fazer escolhas informadas. Nosso objetivo \u00e9 fornecer avalia\u00e7\u00f5es objetivas, dados estruturados e compara\u00e7\u00f5es independentes, garantindo que empresas e indiv\u00edduos possam navegar no mercado de proxy com confian\u00e7a.&nbsp;<\/p>","protected":false},"author":1,"featured_media":0,"parent":0,"menu_order":0,"comment_status":"closed","ping_status":"closed","template":"","meta":{"_acf_changed":false,"footnotes":""},"class_list":["post-364","page","type-page","status-publish","hentry"],"acf":[],"_links":{"self":[{"href":"https:\/\/fauvet.net\/pt\/wp-json\/wp\/v2\/pages\/364","targetHints":{"allow":["GET"]}}],"collection":[{"href":"https:\/\/fauvet.net\/pt\/wp-json\/wp\/v2\/pages"}],"about":[{"href":"https:\/\/fauvet.net\/pt\/wp-json\/wp\/v2\/types\/page"}],"author":[{"embeddable":true,"href":"https:\/\/fauvet.net\/pt\/wp-json\/wp\/v2\/users\/1"}],"replies":[{"embeddable":true,"href":"https:\/\/fauvet.net\/pt\/wp-json\/wp\/v2\/comments?post=364"}],"version-history":[{"count":4,"href":"https:\/\/fauvet.net\/pt\/wp-json\/wp\/v2\/pages\/364\/revisions"}],"predecessor-version":[{"id":385,"href":"https:\/\/fauvet.net\/pt\/wp-json\/wp\/v2\/pages\/364\/revisions\/385"}],"wp:attachment":[{"href":"https:\/\/fauvet.net\/pt\/wp-json\/wp\/v2\/media?parent=364"}],"curies":[{"name":"wp","href":"https:\/\/api.w.org\/{rel}","templated":true}]}}