{"id":552,"date":"2025-02-27T03:57:19","date_gmt":"2025-02-27T03:57:19","guid":{"rendered":"https:\/\/fauvet.net\/?page_id=552"},"modified":"2025-02-27T04:02:53","modified_gmt":"2025-02-27T04:02:53","slug":"froxy-com-review-a-proxy-service-focused-on-ip-rotation","status":"publish","type":"page","link":"https:\/\/fauvet.net\/pt\/froxy-com-review-a-proxy-service-focused-on-ip-rotation\/","title":{"rendered":"Cr\u00edtica Froxy.com \u2013 Um servi\u00e7o de proxy focado em rota\u00e7\u00e3o de IP"},"content":{"rendered":"<h2 class=\"wp-block-heading\">O Froxy.com vale a pena? Nosso veredito<\/h2>\n\n\n\n<p>O Froxy foi projetado para usu\u00e1rios que dependem de IPs rotativos, o que o torna uma \u00f3tima op\u00e7\u00e3o para tarefas que exigem mudan\u00e7as frequentes de IP. Ele oferece proxies de datacenter, residenciais e m\u00f3veis, todos com rota\u00e7\u00e3o autom\u00e1tica. No entanto, se voc\u00ea estiver procurando por proxies est\u00e1ticos para uso a longo prazo, este servi\u00e7o n\u00e3o ser\u00e1 a melhor escolha.<\/p>\n\n\n\n<figure class=\"wp-block-image size-full\"><img decoding=\"async\" width=\"609\" height=\"365\" src=\"https:\/\/fauvet.net\/wp-content\/uploads\/2025\/02\/image.png\" alt=\"P\u00e1gina inicial da Froxy\" class=\"wp-image-561\" srcset=\"https:\/\/fauvet.net\/wp-content\/uploads\/2025\/02\/image.png 609w, https:\/\/fauvet.net\/wp-content\/uploads\/2025\/02\/image-18x12.png 18w\" sizes=\"(max-width: 609px) 100vw, 609px\" \/><\/figure>\n\n\n\n<p>Uma vantagem not\u00e1vel \u00e9 a Froxy&#039;s <strong>pol\u00edtica de rollover de tr\u00e1fego<\/strong>, garantindo que os dados n\u00e3o utilizados sejam transferidos para o m\u00eas seguinte. Este \u00e9 um recurso raro e valioso entre os provedores de proxy. Embora a pol\u00edtica de reembolso seja rigorosa \u2014 cobrindo apenas casos como pagamentos em duplicidade ou viola\u00e7\u00f5es de SLA \u2014 o provedor compensa com um <strong>op\u00e7\u00e3o de teste de baixo custo ($1,99 por 3 dias e 100 MB de tr\u00e1fego por servi\u00e7o)<\/strong>. Isso permite que os usu\u00e1rios testem o servi\u00e7o de forma acess\u00edvel antes de se comprometerem com uma assinatura.<\/p>\n\n\n\n<p>Froxy fornece <strong>documenta\u00e7\u00e3o detalhada<\/strong> para integrar seus proxies com os principais navegadores, navegadores sem interface e linguagens de programa\u00e7\u00e3o. No entanto, seu <strong>O servi\u00e7o \u201cFast Proxies\u201d continua pouco claro<\/strong>, com informa\u00e7\u00f5es limitadas dispon\u00edveis \u2014 sugerindo que eles podem ser proxies de ISP.<\/p>\n\n\n\n<div class=\"wp-block-buttons is-content-justification-center is-layout-flex wp-container-core-buttons-is-layout-16018d1d wp-block-buttons-is-layout-flex\">\n<div class=\"wp-block-button\"><a class=\"wp-block-button__link wp-element-button\" href=\"https:\/\/fauvet.net\/pt\/deal\/froxy\/\">Visite Froxy.com<\/a><\/div>\n<\/div>\n\n\n\n<h2 class=\"wp-block-heading\">Servi\u00e7os oferecidos pela Froxy<\/h2>\n\n\n\n<hr class=\"wp-block-separator has-alpha-channel-opacity\"\/>\n\n\n\n<h3 class=\"wp-block-heading\">Proxies de Datacenter Rotativos<\/h3>\n\n\n\n<ul class=\"wp-block-list\">\n<li><strong>Pa\u00edses dispon\u00edveis:<\/strong> Estados Unidos, Reino Unido, Fran\u00e7a, Pol\u00f4nia, Alemanha, Espanha<\/li>\n\n\n\n<li><strong>Protocolos:<\/strong> HTTP, SOCKS<\/li>\n\n\n\n<li><strong>Autentica\u00e7\u00e3o:<\/strong> IP e nome de usu\u00e1rio\/senha<\/li>\n\n\n\n<li><strong>Rota\u00e7\u00e3o:<\/strong> Por solicita\u00e7\u00e3o ou ajust\u00e1vel<\/li>\n\n\n\n<li><strong>Segmenta\u00e7\u00e3o:<\/strong> N\u00edvel de pa\u00eds<\/li>\n\n\n\n<li><strong>Pre\u00e7os:<\/strong>\n<ul class=\"wp-block-list\">\n<li><strong>Assinatura m\u00ednima:<\/strong> $25\/m\u00eas para 30 GB ($0,83\/GB)<\/li>\n\n\n\n<li><strong>Sobreposi\u00e7\u00e3o de tr\u00e1fego:<\/strong> Os dados n\u00e3o utilizados s\u00e3o transferidos para o pr\u00f3ximo ciclo de cobran\u00e7a<\/li>\n<\/ul>\n<\/li>\n<\/ul>\n\n\n\n<hr class=\"wp-block-separator has-alpha-channel-opacity\"\/>\n\n\n\n<h3 class=\"wp-block-heading\">Proxies residenciais rotativos<\/h3>\n\n\n\n<ul class=\"wp-block-list\">\n<li><strong>Dispon\u00edvel em:<\/strong> Todos os pa\u00edses<\/li>\n\n\n\n<li><strong>Protocolos:<\/strong> HTTP, SOCKS<\/li>\n\n\n\n<li><strong>Autentica\u00e7\u00e3o:<\/strong> IP e nome de usu\u00e1rio\/senha<\/li>\n\n\n\n<li><strong>Rota\u00e7\u00e3o:<\/strong> Por solicita\u00e7\u00e3o ou ajust\u00e1vel<\/li>\n\n\n\n<li><strong>Op\u00e7\u00f5es de segmenta\u00e7\u00e3o:<\/strong> Pa\u00eds, estado, cidade, ISP<\/li>\n\n\n\n<li><strong>Pre\u00e7os:<\/strong>\n<ul class=\"wp-block-list\">\n<li><strong>Pagamento conforme o uso:<\/strong> $6.67\/GB<\/li>\n\n\n\n<li><strong>Sobreposi\u00e7\u00e3o de tr\u00e1fego:<\/strong> Os dados n\u00e3o utilizados s\u00e3o transferidos para o m\u00eas seguinte<\/li>\n<\/ul>\n<\/li>\n<\/ul>\n\n\n\n<hr class=\"wp-block-separator has-alpha-channel-opacity\"\/>\n\n\n\n<h3 class=\"wp-block-heading\">Proxies m\u00f3veis rotativos<\/h3>\n\n\n\n<ul class=\"wp-block-list\">\n<li><strong>Rota\u00e7\u00e3o:<\/strong> Por solicita\u00e7\u00e3o ou ajust\u00e1vel<\/li>\n\n\n\n<li><strong>Op\u00e7\u00f5es de segmenta\u00e7\u00e3o:<\/strong> Pa\u00eds, estado, cidade, ISP<\/li>\n\n\n\n<li><strong>Pre\u00e7os:<\/strong>\n<ul class=\"wp-block-list\">\n<li><strong>Assinatura m\u00ednima:<\/strong> $11\/m\u00eas por 1,2 GB ($9,17\/GB)<\/li>\n\n\n\n<li><strong>Sobreposi\u00e7\u00e3o de tr\u00e1fego:<\/strong> Os dados n\u00e3o utilizados s\u00e3o transferidos para o pr\u00f3ximo ciclo de cobran\u00e7a<\/li>\n<\/ul>\n<\/li>\n<\/ul>\n\n\n\n<hr class=\"wp-block-separator has-alpha-channel-opacity\"\/>\n\n\n\n<h3 class=\"wp-block-heading\"><strong>Servi\u00e7os Adicionais<\/strong><\/h3>\n\n\n\n<ul class=\"wp-block-list\">\n<li><strong>Raspagem de pesquisa da Amazon e do Google<\/strong> \u2013 Solu\u00e7\u00f5es de proxy especializadas para extra\u00e7\u00e3o de resultados de pesquisa da Amazon e do Google.<\/li>\n<\/ul>\n\n\n\n<div class=\"wp-block-buttons is-content-justification-center is-layout-flex wp-container-core-buttons-is-layout-16018d1d wp-block-buttons-is-layout-flex\">\n<div class=\"wp-block-button\"><a class=\"wp-block-button__link wp-element-button\" href=\"https:\/\/fauvet.net\/pt\/deal\/froxy\/\">Visite Froxy.com<\/a><\/div>\n<\/div>\n\n\n\n<h2 class=\"wp-block-heading\">M\u00e9todos de pagamento<\/h2>\n\n\n\n<p>A Froxy oferece suporte a diversas op\u00e7\u00f5es de pagamento:<\/p>\n\n\n\n<ul class=\"wp-block-list\">\n<li>Cart\u00f5es de cr\u00e9dito (CC)<\/li>\n\n\n\n<li>Criptomoeda (Crypto)<\/li>\n\n\n\n<li>Alipay<\/li>\n\n\n\n<li>Cart\u00f5es de cr\u00e9dito russos<\/li>\n<\/ul>\n\n\n\n<h2 class=\"wp-block-heading\">Pol\u00edtica de Reembolso<\/h2>\n\n\n\n<p>A pol\u00edtica de reembolso da Froxy \u00e9 <strong>limitado<\/strong>, abrangendo apenas:<\/p>\n\n\n\n<ul class=\"wp-block-list\">\n<li>Pagamentos duplos<\/li>\n\n\n\n<li>Pacotes n\u00e3o utilizados<\/li>\n\n\n\n<li>Viola\u00e7\u00f5es de SLA (Acordo de N\u00edvel de Servi\u00e7o)<\/li>\n<\/ul>\n\n\n\n<p>Usu\u00e1rios <strong>n\u00e3o pode<\/strong> solicitar um reembolso simplesmente porque est\u00e3o insatisfeitos com o servi\u00e7o. No entanto, o <strong>O ensaio $1.99 atenua este risco<\/strong>, permitindo que os usu\u00e1rios testem o servi\u00e7o antes de adquirir um plano completo.<\/p>\n\n\n\n<h2 class=\"wp-block-heading\">Disponibilidade de teste<\/h2>\n\n\n\n<p>Froxy oferece uma <strong>teste pago por $1.99<\/strong>, proporcionando 3 dias de acesso e <strong>100 MB de tr\u00e1fego<\/strong> por servi\u00e7o selecionado. Este teste pode ser cancelado imediatamente ap\u00f3s a compra para evitar renova\u00e7\u00e3o autom\u00e1tica, garantindo que n\u00e3o haja cobran\u00e7as inesperadas.<\/p>\n\n\n\n<p><\/p>\n\n\n\n<h2 class=\"wp-block-heading\">Recomenda\u00e7\u00f5es<\/h2>\n\n\n\n<p>Froxy.com \u00e9 um <strong>excelente escolha para usu\u00e1rios que precisam de proxies rotativos confi\u00e1veis<\/strong>, gra\u00e7as \u00e0s suas fortes op\u00e7\u00f5es de segmenta\u00e7\u00e3o, pol\u00edtica de tr\u00e1fego de rollover e teste acess\u00edvel. No entanto, <strong>n\u00e3o \u00e9 adequado para quem procura proxies est\u00e1ticos<\/strong>, j\u00e1 que todos os seus servi\u00e7os s\u00e3o baseados em rod\u00edzio.<\/p>\n\n\n\n<p>O <strong>teste de baixo custo \u00e9 altamente recomendado<\/strong> antes de adquirir um plano completo. Al\u00e9m disso, o <strong>recurso de rollover de tr\u00e1fego<\/strong> o que o torna uma op\u00e7\u00e3o econ\u00f4mica para usu\u00e1rios que n\u00e3o consomem todos os seus dados dentro de um ciclo de cobran\u00e7a.<\/p>\n\n\n\n<p>Se voc\u00ea precisar <strong>IPs de longo prazo e n\u00e3o rotativos<\/strong>, considere provedores alternativos. Mas para <strong>raspagem, automa\u00e7\u00e3o e outros casos de uso dependentes de rota\u00e7\u00e3o<\/strong>, Froxy.com se destaca como uma escolha s\u00f3lida.<\/p>","protected":false},"excerpt":{"rendered":"<p>Is Froxy.com Worth It? Our Verdict Froxy is designed for users who rely on rotating IPs, making it a great option for tasks that demand frequent IP changes. It offers datacenter, residential, and mobile proxies, all with automatic rotation. However, if you&#8217;re looking for static proxies for long-term use, this service won\u2019t be the best [&hellip;]<\/p>\n","protected":false},"author":1,"featured_media":0,"parent":0,"menu_order":0,"comment_status":"closed","ping_status":"closed","template":"","meta":{"_acf_changed":false,"footnotes":""},"class_list":["post-552","page","type-page","status-publish","hentry"],"acf":[],"_links":{"self":[{"href":"https:\/\/fauvet.net\/pt\/wp-json\/wp\/v2\/pages\/552","targetHints":{"allow":["GET"]}}],"collection":[{"href":"https:\/\/fauvet.net\/pt\/wp-json\/wp\/v2\/pages"}],"about":[{"href":"https:\/\/fauvet.net\/pt\/wp-json\/wp\/v2\/types\/page"}],"author":[{"embeddable":true,"href":"https:\/\/fauvet.net\/pt\/wp-json\/wp\/v2\/users\/1"}],"replies":[{"embeddable":true,"href":"https:\/\/fauvet.net\/pt\/wp-json\/wp\/v2\/comments?post=552"}],"version-history":[{"count":6,"href":"https:\/\/fauvet.net\/pt\/wp-json\/wp\/v2\/pages\/552\/revisions"}],"predecessor-version":[{"id":567,"href":"https:\/\/fauvet.net\/pt\/wp-json\/wp\/v2\/pages\/552\/revisions\/567"}],"wp:attachment":[{"href":"https:\/\/fauvet.net\/pt\/wp-json\/wp\/v2\/media?parent=552"}],"curies":[{"name":"wp","href":"https:\/\/api.w.org\/{rel}","templated":true}]}}