{"id":364,"date":"2024-12-24T04:27:30","date_gmt":"2024-12-24T04:27:30","guid":{"rendered":"https:\/\/fauvet.net\/?page_id=364"},"modified":"2025-02-27T03:30:10","modified_gmt":"2025-02-27T03:30:10","slug":"about","status":"publish","type":"page","link":"https:\/\/fauvet.net\/tr\/about\/","title":{"rendered":"Hakk\u0131m\u0131zda"},"content":{"rendered":"<p>Fauvet.net, sekt\u00f6re \u015feffaf ve veri destekli i\u00e7g\u00f6r\u00fcler sa\u011flayan proxy sunucu ara\u015ft\u0131rmalar\u0131 i\u00e7in \u00f6zel bir platformdur. Kullan\u0131c\u0131lar\u0131n bilin\u00e7li se\u00e7imler yapmas\u0131na yard\u0131mc\u0131 olmak i\u00e7in performans \u00f6l\u00e7\u00fcmlerini, g\u00fcvenilirli\u011fi ve sa\u011flay\u0131c\u0131 tekliflerini analiz ediyoruz. Amac\u0131m\u0131z, i\u015fletmelerin ve bireylerin proxy pazar\u0131nda g\u00fcvenle gezinmesini sa\u011flayarak nesnel de\u011ferlendirmeler, yap\u0131land\u0131r\u0131lm\u0131\u015f veriler ve ba\u011f\u0131ms\u0131z kar\u015f\u0131la\u015ft\u0131rmalar sunmakt\u0131r.&nbsp;<\/p>","protected":false},"excerpt":{"rendered":"<p>Fauvet.net, sekt\u00f6re \u015feffaf ve veri destekli i\u00e7g\u00f6r\u00fcler sa\u011flayan proxy sunucu ara\u015ft\u0131rmalar\u0131 i\u00e7in \u00f6zel bir platformdur. Kullan\u0131c\u0131lar\u0131n bilin\u00e7li se\u00e7imler yapmas\u0131na yard\u0131mc\u0131 olmak i\u00e7in performans \u00f6l\u00e7\u00fcmlerini, g\u00fcvenilirli\u011fi ve sa\u011flay\u0131c\u0131 tekliflerini analiz ediyoruz. Amac\u0131m\u0131z, i\u015fletmelerin ve bireylerin proxy pazar\u0131nda g\u00fcvenle gezinmesini sa\u011flayarak nesnel de\u011ferlendirmeler, yap\u0131land\u0131r\u0131lm\u0131\u015f veriler ve ba\u011f\u0131ms\u0131z kar\u015f\u0131la\u015ft\u0131rmalar sunmakt\u0131r.&nbsp;<\/p>","protected":false},"author":1,"featured_media":0,"parent":0,"menu_order":0,"comment_status":"closed","ping_status":"closed","template":"","meta":{"_acf_changed":false,"footnotes":""},"class_list":["post-364","page","type-page","status-publish","hentry"],"acf":[],"_links":{"self":[{"href":"https:\/\/fauvet.net\/tr\/wp-json\/wp\/v2\/pages\/364","targetHints":{"allow":["GET"]}}],"collection":[{"href":"https:\/\/fauvet.net\/tr\/wp-json\/wp\/v2\/pages"}],"about":[{"href":"https:\/\/fauvet.net\/tr\/wp-json\/wp\/v2\/types\/page"}],"author":[{"embeddable":true,"href":"https:\/\/fauvet.net\/tr\/wp-json\/wp\/v2\/users\/1"}],"replies":[{"embeddable":true,"href":"https:\/\/fauvet.net\/tr\/wp-json\/wp\/v2\/comments?post=364"}],"version-history":[{"count":4,"href":"https:\/\/fauvet.net\/tr\/wp-json\/wp\/v2\/pages\/364\/revisions"}],"predecessor-version":[{"id":385,"href":"https:\/\/fauvet.net\/tr\/wp-json\/wp\/v2\/pages\/364\/revisions\/385"}],"wp:attachment":[{"href":"https:\/\/fauvet.net\/tr\/wp-json\/wp\/v2\/media?parent=364"}],"curies":[{"name":"wp","href":"https:\/\/api.w.org\/{rel}","templated":true}]}}