{"id":370,"date":"2024-12-24T04:55:55","date_gmt":"2024-12-24T04:55:55","guid":{"rendered":"https:\/\/fauvet.net\/?page_id=370"},"modified":"2024-12-24T04:55:56","modified_gmt":"2024-12-24T04:55:56","slug":"privacy-policy","status":"publish","type":"page","link":"https:\/\/fauvet.net\/tr\/privacy-policy\/","title":{"rendered":"Gizlilik Politikas\u0131"},"content":{"rendered":"<p>Gizlili\u011finize de\u011fer veriyoruz ve ki\u015fisel bilgilerinizi korumaya kararl\u0131y\u0131z. Bu Gizlilik Politikas\u0131, platformumuzla etkile\u015fim kurdu\u011funuzda verilerinizi nas\u0131l toplad\u0131\u011f\u0131m\u0131z\u0131, kulland\u0131\u011f\u0131m\u0131z\u0131 ve korudu\u011fumuzu ana hatlar\u0131yla belirtir. Hizmetlerimizi kullanarak, bu politikada a\u00e7\u0131klanan uygulamalar\u0131 kabul etmi\u015f olursunuz.<\/p>\n\n\n\n<h3 class=\"wp-block-heading\"><strong>1. Toplad\u0131\u011f\u0131m\u0131z Bilgiler<\/strong><\/h3>\n\n\n\n<p>A\u015fa\u011f\u0131daki bilgi t\u00fcrlerini toplayabiliriz:<\/p>\n\n\n\n<ul class=\"wp-block-list\">\n<li><strong>Ki\u015fisel Bilgiler<\/strong>: Ad\u0131n\u0131z, e-posta adresiniz ve platforma kaydolurken veya bizimle ileti\u015fime ge\u00e7ti\u011finizde sa\u011flad\u0131\u011f\u0131n\u0131z di\u011fer bilgiler gibi.<\/li>\n\n\n\n<li><strong>Kullan\u0131m Verileri<\/strong>: IP adresleri, taray\u0131c\u0131 t\u00fcrleri ve ziyaret edilen sayfalar dahil olmak \u00fczere web sitemizle nas\u0131l etkile\u015fim kurdu\u011funuza ili\u015fkin bilgiler.<\/li>\n\n\n\n<li><strong>\u00c7erezler<\/strong>: Kullan\u0131c\u0131 deneyiminizi geli\u015ftirmek i\u00e7in cihaz\u0131n\u0131zda saklanan k\u00fc\u00e7\u00fck veri dosyalar\u0131.<\/li>\n<\/ul>\n\n\n\n<h3 class=\"wp-block-heading\"><strong>2. Bilgilerinizi Nas\u0131l Kullan\u0131yoruz<\/strong><\/h3>\n\n\n\n<p>Bilgileriniz \u015fu ama\u00e7larla kullan\u0131l\u0131r:<\/p>\n\n\n\n<ul class=\"wp-block-list\">\n<li>Hizmetlerimizi sunmak ve s\u00fcrd\u00fcrmek.<\/li>\n\n\n\n<li>Kullan\u0131c\u0131 deneyiminizi geli\u015ftirin ve ki\u015fiselle\u015ftirin.<\/li>\n\n\n\n<li>Sorular\u0131n\u0131za cevap verin ve destek sa\u011flay\u0131n.<\/li>\n\n\n\n<li>Platformun g\u00fcvenli\u011fini ve d\u00fczg\u00fcn \u00e7al\u0131\u015fmas\u0131n\u0131 sa\u011flamak.<\/li>\n<\/ul>\n\n\n\n<h3 class=\"wp-block-heading\"><strong>3. Veri Payla\u015f\u0131m\u0131<\/strong><\/h3>\n\n\n\n<p>Ki\u015fisel verilerinizi a\u015fa\u011f\u0131daki durumlar haricinde \u00fc\u00e7\u00fcnc\u00fc ki\u015filerle satm\u0131yor, kiralam\u0131yor veya payla\u015fm\u0131yoruz:<\/p>\n\n\n\n<ul class=\"wp-block-list\">\n<li>Yasal y\u00fck\u00fcml\u00fcl\u00fcklere uymak veya yasal taleplere yan\u0131t vermek.<\/li>\n\n\n\n<li>Platformumuzun, kullan\u0131c\u0131lar\u0131m\u0131z\u0131n veya di\u011fer ki\u015filerin haklar\u0131n\u0131, m\u00fclklerini veya g\u00fcvenli\u011fini korumak.<\/li>\n\n\n\n<li>Platformumuzun i\u015fletilmesinde bize yard\u0131mc\u0131 olan, s\u0131k\u0131 gizlilik anla\u015fmalar\u0131 kapsam\u0131nda g\u00fcvenilir hizmet sa\u011flay\u0131c\u0131larla.<\/li>\n<\/ul>\n\n\n\n<h3 class=\"wp-block-heading\"><strong>4. Veri G\u00fcvenli\u011fi<\/strong><\/h3>\n\n\n\n<p>Ki\u015fisel bilgilerinizi korumak i\u00e7in end\u00fcstri standard\u0131 \u00f6nlemleri uyguluyoruz. Ancak hi\u00e7bir iletim veya depolama y\u00f6ntemi 100% g\u00fcvenli de\u011fildir ve mutlak g\u00fcvenli\u011fi garanti edemeyiz.<\/p>\n\n\n\n<h3 class=\"wp-block-heading\"><strong>5. Haklar\u0131n\u0131z<\/strong><\/h3>\n\n\n\n<p>\u015eu haklara sahipsiniz:<\/p>\n\n\n\n<ul class=\"wp-block-list\">\n<li>Ki\u015fisel bilgilerinize eri\u015fin, g\u00fcncelleyin veya silin.<\/li>\n\n\n\n<li>Pazarlama ileti\u015fimlerini almay\u0131 reddedin.<\/li>\n\n\n\n<li>Verilerinizin nas\u0131l kullan\u0131ld\u0131\u011f\u0131na ili\u015fkin ayr\u0131nt\u0131lar\u0131 talep edin.<\/li>\n<\/ul>\n\n\n\n<p>Haklar\u0131n\u0131z\u0131 kullanmak i\u00e7in l\u00fctfen belirtilen ileti\u015fim kanallar\u0131ndan bizimle ileti\u015fime ge\u00e7iniz.<\/p>\n\n\n\n<h3 class=\"wp-block-heading\"><strong>6. \u00c7erezler ve \u0130zleme<\/strong><\/h3>\n\n\n\n<p>Deneyiminizi geli\u015ftirmek, web sitesi trafi\u011fini analiz etmek ve hizmetlerimizi iyile\u015ftirmek i\u00e7in \u00e7erezler kullan\u0131yoruz. \u00c7erezleri y\u00f6netmek veya engellemek i\u00e7in taray\u0131c\u0131 ayarlar\u0131n\u0131z\u0131 de\u011fi\u015ftirebilirsiniz, ancak bunu yapmak platformun i\u015flevselli\u011fini etkileyebilir.<\/p>\n\n\n\n<h3 class=\"wp-block-heading\"><strong>7. \u00dc\u00e7\u00fcnc\u00fc Taraf Ba\u011flant\u0131lar\u0131<\/strong><\/h3>\n\n\n\n<p>Platformumuz \u00fc\u00e7\u00fcnc\u00fc taraf web sitelerine ba\u011flant\u0131lar i\u00e7erebilir. Bu harici sitelerin gizlilik uygulamalar\u0131 veya i\u00e7eriklerinden sorumlu de\u011filiz. L\u00fctfen onlarla etkile\u015fime girmeden \u00f6nce gizlilik politikalar\u0131n\u0131 inceleyin.<\/p>\n\n\n\n<h3 class=\"wp-block-heading\"><strong>8. Bu Politikadaki G\u00fcncellemeler<\/strong><\/h3>\n\n\n\n<p>Uygulamalar\u0131m\u0131zdaki de\u011fi\u015fiklikleri yans\u0131tmak veya di\u011fer operasyonel, yasal veya d\u00fczenleyici nedenlerle bu Gizlilik Politikas\u0131n\u0131 gerekti\u011fi \u015fekilde g\u00fcncelleme hakk\u0131n\u0131 sakl\u0131 tutuyoruz. T\u00fcm g\u00fcncellemeler bu sayfada yay\u0131nlanacakt\u0131r.<\/p>\n\n\n\n<h3 class=\"wp-block-heading\"><strong>9. Bizimle \u0130leti\u015fime Ge\u00e7in<\/strong><\/h3>\n\n\n\n<p>Bu Gizlilik Politikas\u0131 veya ki\u015fisel bilgilerinizin i\u015flenmesi hakk\u0131nda herhangi bir sorunuz veya endi\u015feniz varsa l\u00fctfen platformda sa\u011flanan ileti\u015fim bilgilerini kullanarak bize ula\u015f\u0131n.<\/p>","protected":false},"excerpt":{"rendered":"<p>We value your privacy and are committed to protecting your personal information. This Privacy Policy outlines how we collect, use, and safeguard your data when you interact with our platform. By using our services, you agree to the practices described in this policy. 1. Information We Collect We may collect the following types of information: [&hellip;]<\/p>\n","protected":false},"author":1,"featured_media":0,"parent":0,"menu_order":0,"comment_status":"closed","ping_status":"closed","template":"","meta":{"_acf_changed":false,"footnotes":""},"class_list":["post-370","page","type-page","status-publish","hentry"],"acf":[],"_links":{"self":[{"href":"https:\/\/fauvet.net\/tr\/wp-json\/wp\/v2\/pages\/370","targetHints":{"allow":["GET"]}}],"collection":[{"href":"https:\/\/fauvet.net\/tr\/wp-json\/wp\/v2\/pages"}],"about":[{"href":"https:\/\/fauvet.net\/tr\/wp-json\/wp\/v2\/types\/page"}],"author":[{"embeddable":true,"href":"https:\/\/fauvet.net\/tr\/wp-json\/wp\/v2\/users\/1"}],"replies":[{"embeddable":true,"href":"https:\/\/fauvet.net\/tr\/wp-json\/wp\/v2\/comments?post=370"}],"version-history":[{"count":1,"href":"https:\/\/fauvet.net\/tr\/wp-json\/wp\/v2\/pages\/370\/revisions"}],"predecessor-version":[{"id":371,"href":"https:\/\/fauvet.net\/tr\/wp-json\/wp\/v2\/pages\/370\/revisions\/371"}],"wp:attachment":[{"href":"https:\/\/fauvet.net\/tr\/wp-json\/wp\/v2\/media?parent=370"}],"curies":[{"name":"wp","href":"https:\/\/api.w.org\/{rel}","templated":true}]}}