{"id":552,"date":"2025-02-27T03:57:19","date_gmt":"2025-02-27T03:57:19","guid":{"rendered":"https:\/\/fauvet.net\/?page_id=552"},"modified":"2025-02-27T04:02:53","modified_gmt":"2025-02-27T04:02:53","slug":"froxy-com-review-a-proxy-service-focused-on-ip-rotation","status":"publish","type":"page","link":"https:\/\/fauvet.net\/tr\/froxy-com-review-a-proxy-service-focused-on-ip-rotation\/","title":{"rendered":"Froxy.com \u0130ncelemesi \u2013 IP Rotasyonuna Odaklanm\u0131\u015f Bir Proxy Hizmeti"},"content":{"rendered":"<h2 class=\"wp-block-heading\">Froxy.com De\u011fer mi? Karar\u0131m\u0131z<\/h2>\n\n\n\n<p>Froxy, d\u00f6nen IP&#039;lere g\u00fcvenen kullan\u0131c\u0131lar i\u00e7in tasarlanm\u0131\u015ft\u0131r ve bu da onu s\u0131k IP de\u011fi\u015fiklikleri gerektiren g\u00f6revler i\u00e7in harika bir se\u00e7enek haline getirir. Otomatik rotasyonla birlikte veri merkezi, konut ve mobil proxy&#039;ler sunar. Ancak, uzun s\u00fcreli kullan\u0131m i\u00e7in statik proxy&#039;ler ar\u0131yorsan\u0131z, bu hizmet en iyi se\u00e7im olmayacakt\u0131r.<\/p>\n\n\n\n<figure class=\"wp-block-image size-full\"><img decoding=\"async\" width=\"609\" height=\"365\" src=\"https:\/\/fauvet.net\/wp-content\/uploads\/2025\/02\/image.png\" alt=\"Froxy ba\u015flang\u0131\u00e7 sayfas\u0131\" class=\"wp-image-561\" srcset=\"https:\/\/fauvet.net\/wp-content\/uploads\/2025\/02\/image.png 609w, https:\/\/fauvet.net\/wp-content\/uploads\/2025\/02\/image-18x12.png 18w\" sizes=\"(max-width: 609px) 100vw, 609px\" \/><\/figure>\n\n\n\n<p>Dikkat \u00e7ekici bir avantaj Froxy&#039;nin <strong>trafik devri politikas\u0131<\/strong>, kullan\u0131lmayan verilerin bir sonraki aya devredilmesini sa\u011flar. Bu, proxy sa\u011flay\u0131c\u0131lar\u0131 aras\u0131nda nadir ve de\u011ferli bir \u00f6zelliktir. Geri \u00f6deme politikas\u0131 kat\u0131 olsa da (sadece \u00e7ift \u00f6demeler veya SLA ihlalleri gibi durumlar\u0131 kapsar) sa\u011flay\u0131c\u0131, <strong>d\u00fc\u015f\u00fck maliyetli deneme se\u00e7ene\u011fi (3 g\u00fcn ve hizmet ba\u015f\u0131na 100 MB trafik i\u00e7in $1.99)<\/strong>Bu, kullan\u0131c\u0131lar\u0131n aboneli\u011fe karar vermeden \u00f6nce hizmeti uygun fiyatl\u0131 bir \u015fekilde test etmelerine olanak tan\u0131r.<\/p>\n\n\n\n<p>Froxy sa\u011flar <strong>detayl\u0131 dok\u00fcmantasyon<\/strong> proxy&#039;lerini b\u00fcy\u00fck taray\u0131c\u0131lar, ba\u015fs\u0131z taray\u0131c\u0131lar ve programlama dilleriyle b\u00fct\u00fcnle\u015ftirmek i\u00e7in. Ancak, <strong>&quot;H\u0131zl\u0131 Proxy&quot; hizmeti belirsizli\u011fini koruyor<\/strong>, s\u0131n\u0131rl\u0131 bilgi mevcut oldu\u011fundan, bunlar\u0131n \u0130SS proxy&#039;leri olabilece\u011fini d\u00fc\u015f\u00fcnd\u00fcrmektedir.<\/p>\n\n\n\n<div class=\"wp-block-buttons is-content-justification-center is-layout-flex wp-container-core-buttons-is-layout-16018d1d wp-block-buttons-is-layout-flex\">\n<div class=\"wp-block-button\"><a class=\"wp-block-button__link wp-element-button\" href=\"https:\/\/fauvet.net\/tr\/deal\/froxy\/\">Froxy.com&#039;u ziyaret edin<\/a><\/div>\n<\/div>\n\n\n\n<h2 class=\"wp-block-heading\">Froxy Taraf\u0131ndan Sunulan Hizmetler<\/h2>\n\n\n\n<hr class=\"wp-block-separator has-alpha-channel-opacity\"\/>\n\n\n\n<h3 class=\"wp-block-heading\">D\u00f6nen Veri Merkezi Proxy&#039;leri<\/h3>\n\n\n\n<ul class=\"wp-block-list\">\n<li><strong>Mevcut \u00dclkeler:<\/strong> Amerika Birle\u015fik Devletleri, Birle\u015fik Krall\u0131k, Fransa, Polonya, Almanya, \u0130spanya<\/li>\n\n\n\n<li><strong>Protokoller:<\/strong> HTTP, SOCKS<\/li>\n\n\n\n<li><strong>Kimlik do\u011frulama:<\/strong> IP ve Kullan\u0131c\u0131 Ad\u0131\/\u015eifre<\/li>\n\n\n\n<li><strong>Rotasyon:<\/strong> \u0130ste\u011fe g\u00f6re veya ayarlanabilir<\/li>\n\n\n\n<li><strong>Hedefleme:<\/strong> \u00dclke d\u00fczeyinde<\/li>\n\n\n\n<li><strong>Fiyatland\u0131rma:<\/strong>\n<ul class=\"wp-block-list\">\n<li><strong>Minimum Abonelik:<\/strong> 30 GB i\u00e7in $25\/ay ($0.83\/GB)<\/li>\n\n\n\n<li><strong>Trafik Devir Alma:<\/strong> Kullan\u0131lmayan veriler bir sonraki fatura d\u00f6nemine devredilir<\/li>\n<\/ul>\n<\/li>\n<\/ul>\n\n\n\n<hr class=\"wp-block-separator has-alpha-channel-opacity\"\/>\n\n\n\n<h3 class=\"wp-block-heading\">D\u00f6nen Konut Vekaletleri<\/h3>\n\n\n\n<ul class=\"wp-block-list\">\n<li><strong>Mevcuttur:<\/strong> T\u00fcm \u00fclkeler<\/li>\n\n\n\n<li><strong>Protokoller:<\/strong> HTTP, SOCKS<\/li>\n\n\n\n<li><strong>Kimlik do\u011frulama:<\/strong> IP ve Kullan\u0131c\u0131 Ad\u0131\/\u015eifre<\/li>\n\n\n\n<li><strong>Rotasyon:<\/strong> \u0130ste\u011fe g\u00f6re veya ayarlanabilir<\/li>\n\n\n\n<li><strong>Hedefleme Se\u00e7enekleri:<\/strong> \u00dclke, eyalet, \u015fehir, \u0130SS<\/li>\n\n\n\n<li><strong>Fiyatland\u0131rma:<\/strong>\n<ul class=\"wp-block-list\">\n<li><strong>\u00d6dedik\u00e7e kullan:<\/strong> $6.67\/TR<\/li>\n\n\n\n<li><strong>Trafik Devir Alma:<\/strong> Kullan\u0131lmayan veriler bir sonraki aya devredilir<\/li>\n<\/ul>\n<\/li>\n<\/ul>\n\n\n\n<hr class=\"wp-block-separator has-alpha-channel-opacity\"\/>\n\n\n\n<h3 class=\"wp-block-heading\">D\u00f6nen Mobil Proxy&#039;ler<\/h3>\n\n\n\n<ul class=\"wp-block-list\">\n<li><strong>Rotasyon:<\/strong> \u0130ste\u011fe g\u00f6re veya ayarlanabilir<\/li>\n\n\n\n<li><strong>Hedefleme Se\u00e7enekleri:<\/strong> \u00dclke, eyalet, \u015fehir, \u0130SS<\/li>\n\n\n\n<li><strong>Fiyatland\u0131rma:<\/strong>\n<ul class=\"wp-block-list\">\n<li><strong>Minimum Abonelik:<\/strong> 1.2 GB i\u00e7in $11\/ay ($9.17\/GB)<\/li>\n\n\n\n<li><strong>Trafik Devir Alma:<\/strong> Kullan\u0131lmayan veriler bir sonraki fatura d\u00f6nemine devredilir<\/li>\n<\/ul>\n<\/li>\n<\/ul>\n\n\n\n<hr class=\"wp-block-separator has-alpha-channel-opacity\"\/>\n\n\n\n<h3 class=\"wp-block-heading\"><strong>Ek Hizmetler<\/strong><\/h3>\n\n\n\n<ul class=\"wp-block-list\">\n<li><strong>Amazon ve Google Arama Kaz\u0131ma<\/strong> \u2013 Amazon ve Google arama sonu\u00e7lar\u0131n\u0131 taramak i\u00e7in \u00f6zel proxy \u00e7\u00f6z\u00fcmleri.<\/li>\n<\/ul>\n\n\n\n<div class=\"wp-block-buttons is-content-justification-center is-layout-flex wp-container-core-buttons-is-layout-16018d1d wp-block-buttons-is-layout-flex\">\n<div class=\"wp-block-button\"><a class=\"wp-block-button__link wp-element-button\" href=\"https:\/\/fauvet.net\/tr\/deal\/froxy\/\">Froxy.com&#039;u ziyaret edin<\/a><\/div>\n<\/div>\n\n\n\n<h2 class=\"wp-block-heading\">\u00d6deme Y\u00f6ntemleri<\/h2>\n\n\n\n<p>Froxy birden fazla \u00f6deme se\u00e7ene\u011fini destekler:<\/p>\n\n\n\n<ul class=\"wp-block-list\">\n<li>Kredi Kartlar\u0131 (CC)<\/li>\n\n\n\n<li>Kripto para (Kripto)<\/li>\n\n\n\n<li>Alipay<\/li>\n\n\n\n<li>Rus Kredi Kartlar\u0131<\/li>\n<\/ul>\n\n\n\n<h2 class=\"wp-block-heading\">\u0130ade Politikas\u0131<\/h2>\n\n\n\n<p>Froxy&#039;nin iade politikas\u0131 <strong>s\u0131n\u0131rl\u0131<\/strong>, yaln\u0131zca \u015funlar\u0131 kapsar:<\/p>\n\n\n\n<ul class=\"wp-block-list\">\n<li>\u00c7ift \u00f6demeler<\/li>\n\n\n\n<li>Kullan\u0131lmayan paketler<\/li>\n\n\n\n<li>SLA (Hizmet D\u00fczeyi Anla\u015fmas\u0131) ihlalleri<\/li>\n<\/ul>\n\n\n\n<p>Kullan\u0131c\u0131lar <strong>yapamamak<\/strong> sadece hizmetten memnun kalmad\u0131klar\u0131 i\u00e7in geri \u00f6deme talep edebilirler. Ancak, <strong>$1.99 denemesi bu riski azalt\u0131r<\/strong>Kullan\u0131c\u0131lar\u0131n tam bir plan sat\u0131n almadan \u00f6nce hizmeti test etmelerine olanak tan\u0131r.<\/p>\n\n\n\n<h2 class=\"wp-block-heading\">Deneme S\u00fcr\u00fcm\u00fc Mevcutlu\u011fu<\/h2>\n\n\n\n<p>Froxy bir teklif sunuyor <strong>$1.99 i\u00e7in \u00fccretli deneme<\/strong>3 g\u00fcnl\u00fck eri\u015fim sa\u011flayan ve <strong>100MB trafik<\/strong> Se\u00e7ilen hizmet ba\u015f\u0131na. Bu deneme, otomatik yenilemeyi \u00f6nlemek i\u00e7in sat\u0131n alma i\u015fleminden hemen sonra iptal edilebilir ve beklenmeyen \u00fccretler olu\u015fmamas\u0131n\u0131 sa\u011flar.<\/p>\n\n\n\n<p><\/p>\n\n\n\n<h2 class=\"wp-block-heading\">\u00d6neriler<\/h2>\n\n\n\n<p>Froxy.com bir <strong>g\u00fcvenilir d\u00f6nen proxy&#039;lere ihtiya\u00e7 duyan kullan\u0131c\u0131lar i\u00e7in m\u00fckemmel bir se\u00e7im<\/strong>, g\u00fc\u00e7l\u00fc hedefleme se\u00e7enekleri, devreden trafik politikas\u0131 ve uygun fiyatl\u0131 deneme s\u00fcr\u00fcm\u00fc sayesinde. Ancak, <strong>statik proxy arayanlar i\u00e7in uygun de\u011fildir<\/strong>\u00c7\u00fcnk\u00fc t\u00fcm hizmetleri rotasyon esasl\u0131d\u0131r.<\/p>\n\n\n\n<p>The <strong>d\u00fc\u015f\u00fck maliyetli deneme \u015fiddetle tavsiye edilir<\/strong> tam bir plan sat\u0131n almadan \u00f6nce. Ayr\u0131ca, <strong>trafik devri \u00f6zelli\u011fi<\/strong> Faturaland\u0131rma d\u00f6ng\u00fcs\u00fc i\u00e7erisinde t\u00fcm verilerini t\u00fcketmeyen kullan\u0131c\u0131lar i\u00e7in uygun maliyetli bir se\u00e7enek haline getirir.<\/p>\n\n\n\n<p>E\u011fer ihtiyac\u0131n\u0131z varsa <strong>uzun vadeli, d\u00f6n\u00fc\u015f\u00fcml\u00fc olmayan IP&#039;ler<\/strong>, alternatif sa\u011flay\u0131c\u0131lar\u0131 d\u00fc\u015f\u00fcn\u00fcn. Ancak <strong>kaz\u0131ma, otomasyon ve di\u011fer rotasyona ba\u011fl\u0131 kullan\u0131m durumlar\u0131<\/strong>, Froxy.com sa\u011flam bir tercih olarak \u00f6ne \u00e7\u0131k\u0131yor.<\/p>","protected":false},"excerpt":{"rendered":"<p>Is Froxy.com Worth It? Our Verdict Froxy is designed for users who rely on rotating IPs, making it a great option for tasks that demand frequent IP changes. It offers datacenter, residential, and mobile proxies, all with automatic rotation. However, if you&#8217;re looking for static proxies for long-term use, this service won\u2019t be the best [&hellip;]<\/p>\n","protected":false},"author":1,"featured_media":0,"parent":0,"menu_order":0,"comment_status":"closed","ping_status":"closed","template":"","meta":{"_acf_changed":false,"footnotes":""},"class_list":["post-552","page","type-page","status-publish","hentry"],"acf":[],"_links":{"self":[{"href":"https:\/\/fauvet.net\/tr\/wp-json\/wp\/v2\/pages\/552","targetHints":{"allow":["GET"]}}],"collection":[{"href":"https:\/\/fauvet.net\/tr\/wp-json\/wp\/v2\/pages"}],"about":[{"href":"https:\/\/fauvet.net\/tr\/wp-json\/wp\/v2\/types\/page"}],"author":[{"embeddable":true,"href":"https:\/\/fauvet.net\/tr\/wp-json\/wp\/v2\/users\/1"}],"replies":[{"embeddable":true,"href":"https:\/\/fauvet.net\/tr\/wp-json\/wp\/v2\/comments?post=552"}],"version-history":[{"count":6,"href":"https:\/\/fauvet.net\/tr\/wp-json\/wp\/v2\/pages\/552\/revisions"}],"predecessor-version":[{"id":567,"href":"https:\/\/fauvet.net\/tr\/wp-json\/wp\/v2\/pages\/552\/revisions\/567"}],"wp:attachment":[{"href":"https:\/\/fauvet.net\/tr\/wp-json\/wp\/v2\/media?parent=552"}],"curies":[{"name":"wp","href":"https:\/\/api.w.org\/{rel}","templated":true}]}}